
{"id":3,"date":"2020-08-31T23:33:40","date_gmt":"2020-09-01T04:33:40","guid":{"rendered":"https:\/\/www.encuentrotodo.com.ve\/EFIB\/?page_id=3"},"modified":"2021-10-03T16:01:34","modified_gmt":"2021-10-03T21:01:34","slug":"politica-privacidad","status":"publish","type":"page","link":"https:\/\/www.efib.education\/en\/politica-privacidad\/","title":{"rendered":"Pol\u00edtica de Privacidad"},"content":{"rendered":"<div class=\"vc_row wpb_row vc_row-fluid vc_custom_1633294893279\"><div class=\"wpb_column vc_column_container vc_col-sm-12\"><div class=\"vc_column-inner\"><div class=\"wpb_wrapper\">\n\t<div class=\"wpb_text_column wpb_content_element\" >\n\t\t<div class=\"wpb_wrapper\">\n\t\t\t<p style=\"text-align:justify;\">El presente Pol\u00edtica de Privacidad establece los t\u00e9rminos en que EFIB Escuela Internacional usa y protege la informaci\u00f3n que es proporcionada por sus usuarios al momento de utilizar su sitio web. Esta compa\u00f1\u00eda est\u00e1 comprometida con la seguridad de los datos de sus usuarios. Cuando le pedimos llenar los campos de informaci\u00f3n personal con la cual usted pueda ser identificado, lo hacemos asegurando que s\u00f3lo se emplear\u00e1 de acuerdo con los t\u00e9rminos de este documento. Sin embargo esta Pol\u00edtica de Privacidad puede cambiar con el tiempo o ser actualizada por lo que le recomendamos y enfatizamos revisar continuamente esta p\u00e1gina para asegurarse que est\u00e1 de acuerdo con dichos cambios.<\/p>\n<p style=\"text-align:justify;\">\nPreviene la ley propiedad intelectual , el titular del derecho de autor de los programas, planificaci\u00f3n de ense\u00f1anza , gr\u00e1ficos , esquemas , tecnicas y dem\u00e1s aditamentos que permiten la ense\u00f1anza de los profesionales relacionadas con las escuelas : ESCUELAS DE CAPACITACI\u00d3N MIDORY<br \/>\nFRANCIS SCHOOL<br \/>\nESCUELA DE FORMACI\u00d3N INTERNACIONAL.<br \/>\ntodos los dem\u00e1s derechos quedan reservados , y en el mismo sentido queda terminantemente prohibido cualquier otra forma de utilizaci\u00f3n total o parcial de copia , edici\u00f3n , reducci\u00f3n , traducci\u00f3n, ni almacenamiento por ning\u00fan medio o procedimiento ya sea mec\u00e1nico , electr\u00f3nico ,u otro cualquiera sin autorizaci\u00f3n de<br \/>\nLa directora de las escuelas<br \/>\nRAQUEL IPARRAGUIRRE<br \/>\nc\u00f3mo as\u00ed tambi\u00e9n , otra modalidad que implique publicaci\u00f3n o difusi\u00f3n por cualquier medio de sus productos o creaciones intelectuales .<br \/>\nQUEDA PROHIBIDA TAMBI\u00c9N CUALQUIER FORMA DE COMERCIALIZACI\u00d3N QUE IMPLIQUE UN LUCRO DIRECTO O INDIRECTO SIN EL CONOCIMIENTO DEL TITULAR DEL LOS DERECHOS .<br \/>\nLA VIOLACI\u00d3N DE LOS DERECHOS EXCLUSIVOS DEL TITULAR IMPLICA LA RESPONSABILIDAD PENAL O CIVIL DEL INFRACTOR , Y PODRA DAR LUGAR A SANCIONES CONFORME LEY<br \/>\n11.723 , Y LAS NORMAS PREVISTAS EN EL ART\u00cdCULO 172 DEL C\u00d3DIGO PENAL DE LA NACI\u00d3N<\/p>\n<p style=\"text-align:center;\"><strong>Informaci\u00f3n que es recogida<\/strong><\/p>\n<p style=\"text-align:justify;\">Nuestro sitio web podr\u00e1 recoger informaci\u00f3n personal por ejemplo: Nombre,&nbsp; informaci\u00f3n de contacto como&nbsp; su direcci\u00f3n de correo electr\u00f3nica e informaci\u00f3n demogr\u00e1fica. As\u00ed mismo cuando sea necesario podr\u00e1 ser requerida informaci\u00f3n espec\u00edfica para procesar alg\u00fan pedido o realizar una entrega o facturaci\u00f3n.<\/p>\n<p style=\"text-align:center;\"><strong>Uso de la informaci\u00f3n recogida<\/strong><\/p>\n<p style=\"text-align:justify;\">Nuestro sitio web emplea la informaci\u00f3n con el fin de proporcionar el mejor servicio posible, particularmente para mantener un registro de usuarios, de pedidos en caso que aplique, y mejorar nuestros productos y servicios. &nbsp;Es posible que sean enviados correos electr\u00f3nicos peri\u00f3dicamente a trav\u00e9s de nuestro sitio con ofertas especiales, nuevos productos y otra informaci\u00f3n publicitaria que consideremos relevante para usted o que pueda brindarle alg\u00fan beneficio, estos correos electr\u00f3nicos ser\u00e1n enviados a la direcci\u00f3n que usted proporcione y podr\u00e1n ser cancelados en cualquier momento.<\/p>\n<p style=\"text-align:justify;\">EFIB Escuela Internacional est\u00e1 altamente comprometido para cumplir con el compromiso de mantener su informaci\u00f3n segura. Usamos los sistemas m\u00e1s avanzados y los actualizamos constantemente para asegurarnos que no exista ning\u00fan acceso no autorizado.<\/p>\n<p style=\"text-align:center;\"><strong>Cookies<\/strong><\/p>\n<p style=\"text-align:justify;\">Una cookie se refiere a un fichero que es enviado con la finalidad de solicitar permiso para almacenarse en su ordenador, al aceptar dicho fichero se crea y la cookie sirve entonces para tener informaci\u00f3n respecto al tr\u00e1fico web, y tambi\u00e9n facilita las futuras <a href=\"\" target=\"_blank\" rel=\"noopener noreferrer\"><\/a> recurrente. Otra funci\u00f3n que tienen las cookies es que con ellas las web pueden reconocerte individualmente y por tanto brindarte el mejor servicio personalizado de su web.<\/p>\n<p>Nuestro <a href=\"https:\/\/politicadeprivacidadplantilla.com\/\" target=\"_blank\" rel=\"noopener noreferrer\">sitio web<\/a> emplea las cookies para poder identificar las p\u00e1ginas que son visitadas y su frecuencia. Esta informaci\u00f3n es empleada \u00fanicamente para an\u00e1lisis estad\u00edstico y despu\u00e9s la informaci\u00f3n se elimina de forma permanente. Usted puede eliminar las cookies en cualquier momento desde su ordenador. Sin embargo las cookies ayudan a proporcionar un mejor servicio de los sitios web, est\u00e1s no dan acceso a informaci\u00f3n de su ordenador ni de usted, a menos de que usted as\u00ed lo quiera y la proporcione directamente. Usted puede aceptar o negar el uso de cookies, sin embargo la mayor\u00eda de navegadores aceptan cookies autom\u00e1ticamente pues sirve para tener un mejor servicio web. Tambi\u00e9n usted puede cambiar la configuraci\u00f3n de su ordenador para declinar las cookies. Si se declinan es posible que no pueda utilizar algunos de nuestros servicios.<\/p>\n<p style=\"text-align:center;\"><strong>Enlaces a Terceros<\/strong><\/p>\n<p style=\"text-align:justify;\">Este sitio web pudiera contener en laces a otros sitios que pudieran ser de su inter\u00e9s. Una vez que usted de clic en estos enlaces y abandone nuestra p\u00e1gina, ya no tenemos control sobre al sitio al que es redirigido y por lo tanto no somos responsables de los t\u00e9rminos o privacidad ni de la protecci\u00f3n de sus datos en esos otros sitios terceros. Dichos sitios est\u00e1n sujetos a sus propias pol\u00edticas de privacidad por lo cual es recomendable que los consulte para confirmar que usted est\u00e1 de acuerdo con estas.<\/p>\n<p style=\"text-align:center;\"><strong>Control de su informaci\u00f3n personal<\/strong><\/p>\n<p style=\"text-align:justify;\">En cualquier momento usted puede restringir la recopilaci\u00f3n o el uso de la informaci\u00f3n personal que es proporcionada a nuestro sitio web.&nbsp; Cada vez que se le solicite rellenar un formulario, como el de alta de usuario, puede marcar o desmarcar la opci\u00f3n de recibir informaci\u00f3n por correo electr\u00f3nico. &nbsp;En caso de que haya marcado la opci\u00f3n de recibir nuestro bolet\u00edn o publicidad usted puede cancelarla en cualquier momento.<\/p>\n<p style=\"text-align:justify;\">Esta compa\u00f1\u00eda no vender\u00e1, ceder\u00e1 ni distribuir\u00e1 la informaci\u00f3n personal que es recopilada sin su consentimiento, salvo que sea requerido por un juez con un orden judicial.<\/p>\n<p style=\"text-align:justify;\">EFIB Escuela Internacional Se reserva el derecho de cambiar los t\u00e9rminos de la presente Pol\u00edtica de Privacidad en cualquier momento.<\/p>\n<p>Estos t\u00e9rminos y condiciones se han generado en <a href=\"https:\/\/plantillaterminosycondicionestiendaonline.com\/\" target=\"_blank\" rel=\"noopener noreferrer\">plantillaterminosycondicionestiendaonline.com<\/a>.<\/p>\n\n\t\t<\/div>\n\t<\/div>\n<\/div><\/div><\/div><\/div>","protected":false},"excerpt":{"rendered":"El presente Pol\u00edtica de Privacidad establece los t\u00e9rminos en que EFIB Escuela Internacional usa y protege la informaci\u00f3n que es [...]","protected":false},"author":1,"featured_media":0,"parent":0,"menu_order":0,"comment_status":"closed","ping_status":"open","template":"","meta":{"footnotes":""},"class_list":["post-3","page","type-page","status-publish","hentry"],"_links":{"self":[{"href":"https:\/\/www.efib.education\/en\/wp-json\/wp\/v2\/pages\/3","targetHints":{"allow":["GET"]}}],"collection":[{"href":"https:\/\/www.efib.education\/en\/wp-json\/wp\/v2\/pages"}],"about":[{"href":"https:\/\/www.efib.education\/en\/wp-json\/wp\/v2\/types\/page"}],"author":[{"embeddable":true,"href":"https:\/\/www.efib.education\/en\/wp-json\/wp\/v2\/users\/1"}],"replies":[{"embeddable":true,"href":"https:\/\/www.efib.education\/en\/wp-json\/wp\/v2\/comments?post=3"}],"version-history":[{"count":7,"href":"https:\/\/www.efib.education\/en\/wp-json\/wp\/v2\/pages\/3\/revisions"}],"predecessor-version":[{"id":2878,"href":"https:\/\/www.efib.education\/en\/wp-json\/wp\/v2\/pages\/3\/revisions\/2878"}],"wp:attachment":[{"href":"https:\/\/www.efib.education\/en\/wp-json\/wp\/v2\/media?parent=3"}],"curies":[{"name":"wp","href":"https:\/\/api.w.org\/{rel}","templated":true}]}}