
{"id":7,"date":"2020-08-31T23:51:14","date_gmt":"2020-09-01T04:51:14","guid":{"rendered":"https:\/\/www.encuentrotodo.com.ve\/EFIB\/user-login\/"},"modified":"2021-12-21T14:27:46","modified_gmt":"2021-12-21T19:27:46","slug":"inicio-sesion","status":"publish","type":"page","link":"https:\/\/www.efib.education\/en\/inicio-sesion\/","title":{"rendered":"Inicio de sesi\u00f3n de usuario"},"content":{"rendered":"<div style=\"margin: 70px;\">\n<div class=\"event-wrapper-shortcode user-login\">\n<div class=\"wp_login_error\">\n\n    \n<\/div>\n\n<form name=\"event_auth_login_form\" action=\"\" method=\"post\" class=\"event-auth-form\" data-trp-original-action=\"\">\n\n    <h2>INICIAR SESI\u00d3N<\/h2>\n\n    <p class=\"form-row form-required user-name\">\n\n        <label for=\"user_login\">Nombre de Usuario<span class=\"required\">*<\/span><\/label>\n\n        <input type=\"text\" name=\"user_login\" placeholder=\"E-mail o Nombre de Usuario\" id=\"user_login\" class=\"input\" value=\"\" size=\"20\" \/><\/label>\n\n    <\/p>\n\n\n\n    <p class=\"form-row form-required password\">\n\n        <label for=\"user_pass\">Contrase\u00f1a<span class=\"required\">*<\/span><\/label>\n\n        <input type=\"password\" name=\"user_pass\" placeholder=\"Contrase\u00f1a\" id=\"user_pass\" class=\"input\" value=\"\" size=\"25\" \/>\n\n    <\/p>\n\n\n\n    \n\n\n    <div class=\"form-row form-required rememberme\">\n\n        <label for=\"rememberme\" class=\"inline\">\n\n            <input class=\"input-checkbox\" name=\"rememberme\" type=\"checkbox\" id=\"rememberme\" value=\"forever\" \/> Recu\u00e9rdame\n        <\/label>\n\n        <div>\n\n            \n                <a href=\"https:\/\/www.efib.education\/en\/registro-usuario\/\">Reg\u00edstrate<\/a> |\n\n            \n            <a href=\"https:\/\/www.efib.education\/en\/recuperar_tu_contrasena\/\">Olvid\u00e9 mi contrase\u00f1a<\/a>\n\n        <\/div>\n\n    <\/div>\n\n\n\n    <p class=\"submit form-row\">\n\n        <input type=\"hidden\" id=\"auth-nonce\" name=\"auth-nonce\" value=\"404c2c202c\" \/><input type=\"hidden\" name=\"_wp_http_referer\" value=\"\/en\/wp-json\/wp\/v2\/pages\/7\" \/>\n        <input type=\"hidden\" name=\"action\" value=\"event_login_action\" \/>\n\n        <input type=\"hidden\" name=\"redirect_to\" value=\"https:\/\/www.efib.education\/en\/wp-json\/wp\/v2\/pages\/7\" \/>\n\n        <input type=\"submit\" name=\"wp-submit\" id=\"wp-submit\" class=\"button button-primary button-large\" value=\"INICIAR SESI\u00d3N\" \/>\n\n    <\/p>\n\n\n\n<input type=\"hidden\" name=\"trp-form-language\" value=\"en\"\/><\/form><\/div>\n<\/div>","protected":false},"excerpt":{"rendered":"INICIAR SESI\u00d3N Nombre de Usuario* Contrase\u00f1a* Recu\u00e9rdame Reg\u00edstrate | Olvid\u00e9 mi contrase\u00f1a","protected":false},"author":1,"featured_media":0,"parent":0,"menu_order":0,"comment_status":"closed","ping_status":"closed","template":"","meta":{"footnotes":""},"class_list":["post-7","page","type-page","status-publish","hentry"],"_links":{"self":[{"href":"https:\/\/www.efib.education\/en\/wp-json\/wp\/v2\/pages\/7","targetHints":{"allow":["GET"]}}],"collection":[{"href":"https:\/\/www.efib.education\/en\/wp-json\/wp\/v2\/pages"}],"about":[{"href":"https:\/\/www.efib.education\/en\/wp-json\/wp\/v2\/types\/page"}],"author":[{"embeddable":true,"href":"https:\/\/www.efib.education\/en\/wp-json\/wp\/v2\/users\/1"}],"replies":[{"embeddable":true,"href":"https:\/\/www.efib.education\/en\/wp-json\/wp\/v2\/comments?post=7"}],"version-history":[{"count":3,"href":"https:\/\/www.efib.education\/en\/wp-json\/wp\/v2\/pages\/7\/revisions"}],"predecessor-version":[{"id":2212,"href":"https:\/\/www.efib.education\/en\/wp-json\/wp\/v2\/pages\/7\/revisions\/2212"}],"wp:attachment":[{"href":"https:\/\/www.efib.education\/en\/wp-json\/wp\/v2\/media?parent=7"}],"curies":[{"name":"wp","href":"https:\/\/api.w.org\/{rel}","templated":true}]}}