
{"id":1334,"date":"2020-11-12T19:18:06","date_gmt":"2020-11-13T00:18:06","guid":{"rendered":"https:\/\/www.efib.education\/?post_type=product&#038;p=1334"},"modified":"2025-05-02T11:48:59","modified_gmt":"2025-05-02T16:48:59","slug":"instructor-internacional","status":"publish","type":"product","link":"https:\/\/www.efib.education\/en\/product\/instructor-internacional\/","title":{"rendered":"Diplomatura en Instructor Internacional"},"content":{"rendered":"<p>\u2b50 INSTRUCTOR INTERNACIONAL EN ARTES Y OFICIOS \u2b50<\/p>\n<p>\u00bfTe gustar\u00eda impartir tus conocimientos?<br \/>\n\u00bfTienes un emprendimiento y no sabes c\u00f3mo empezar?<br \/>\n\u00bfTe gustar\u00eda empezar a dar clases?<\/p>\n<p>No te puedes perder este curso completo con clases en vivo, instructores capacitados y certificados internacionalmente. Al finalizar el curso, tendr\u00e1s una certificaci\u00f3n internacional y estar\u00e1s habilitado para desarrollarte como instructor en diferentes \u00e1reas de artes y oficios.<\/p>\n<p>\u2705 Temario:<\/p>\n<p>\u2728 Desarrollo de empresas<br \/>\n\u2728 Etapas de la creaci\u00f3n de una empresa<br \/>\n\u2728 Idea del negocio y plan de una empresa<br \/>\n\u2728 Elecci\u00f3n de la forma jur\u00eddica<br \/>\n\u2728 Obtenci\u00f3n de recursos econ\u00f3micos<br \/>\n\u2728 Puesta en marcha del negocio<br \/>\n\u2728 Producto y servicio<br \/>\n\u2728 Caracter\u00edsticas y c\u00f3mo vender<\/p>\n<p>\u2b50 Pedagog\u00eda<\/p>\n<p>\u2728 Qu\u00e9 es la ense\u00f1anza<br \/>\n\u2728 Tipos de estrategias de ense\u00f1anza<br \/>\n\u2728 Qu\u00e9 es la pedagog\u00eda<br \/>\n\u2728 Dise\u00f1o de actividades<br \/>\n\u2728 Actividades y estilos de aprendizaje<br \/>\n\u2728 Evaluaci\u00f3n formativa<br \/>\n\u2728 Dise\u00f1o instruccional<br \/>\n\u2728 Importancia de registrar su empresa<br \/>\n\u2728 Propiedad intelectual<br \/>\n\u2728 Registro de marca<br \/>\n\u2728 Ley de derecho de autor<br \/>\n\u2728 Franquicias<\/p>\n<p>\u2b50 Oratoria<\/p>\n<p>\u2728 Manejo de voz<br \/>\n\u2728 Modulaci\u00f3n<br \/>\n\u2728 Volumen de voz<br \/>\n\u2728 Ejercicios<br \/>\n\u2728 Postura al hablar<br \/>\n\u2728 Uso de ademanes<br \/>\n\u2728 Desarrollo de un discurso<br \/>\n\u2728 Pr\u00e1cticas<br \/>\n\u2728 Inicio en las relaciones p\u00fablicas<\/p>\n<p>\u2728 Marca personal<br \/>\n\u2728 Marca corporativa<br \/>\n\u2728 La importancia de la imagen empresarial y personal<br \/>\n\u2728 Desarrollo de una marca<br \/>\n\u2728 Desarrollo de logos y slogans<br \/>\n\u2728 Psicolog\u00eda de los colores aplicada a las empresas<br \/>\n\u2728 Canales de comunicaci\u00f3n<\/p>\n<p>\u2728 Liderazgo<br \/>\n\u2728 El autoestima proyectada en tu imagen<br \/>\n\u2728 La empat\u00eda<br \/>\n\u2728 \u00c9tica profesional<br \/>\n\u2728 Las emociones y sus manejos como instructor<br \/>\n\u2728 Conflictos en clases<br \/>\n\u2728 Reconocimiento de personalidades de cada alumno<br \/>\n\u2728 La comunicaci\u00f3n y su importancia<br \/>\n\u2728 Manejo de grupos<\/p>\n<p>\u2728 Desarrollo de las clases online<br \/>\n\u2728 Presencial<br \/>\n\u2728 Seminario<br \/>\n\u2728 Talleres<br \/>\n\u2728 Cursos<br \/>\n\u2728 Armando de temarios<br \/>\n\u2728 Evaluaciones<\/p>\n<p>\u2728 Medios para realizar una clase online<br \/>\n\u2728 Zoom<br \/>\n\u2728 Google Meet<br \/>\n\u2728 Transmisi\u00f3n en vivo por redes sociales<\/p>\n<p>Inicio de clases: 24 de febrero, 9 pm\u00a0hora\u00a0argentina.<\/p>","protected":false},"excerpt":{"rendered":"<p>\u2b50 INSTRUCTOR INTERNACIONAL EN ARTES Y OFICIOS \u2b50 \u00bfTe gustar\u00eda impartir tus conocimientos? \u00bfTienes un emprendimiento y no sabes c\u00f3mo [&hellip;]<\/p>\n","protected":false},"featured_media":6860,"comment_status":"open","ping_status":"closed","template":"","meta":[],"product_brand":[],"product_cat":[119,121],"product_tag":[],"class_list":{"0":"post-1334","1":"product","2":"type-product","3":"status-publish","4":"has-post-thumbnail","6":"product_cat-curso-de-instructor-y-formadores","7":"product_cat-todos-los-cursos","9":"first","10":"instock","11":"sale","12":"virtual","13":"purchasable","14":"product-type-simple"},"_links":{"self":[{"href":"https:\/\/www.efib.education\/en\/wp-json\/wp\/v2\/product\/1334","targetHints":{"allow":["GET"]}}],"collection":[{"href":"https:\/\/www.efib.education\/en\/wp-json\/wp\/v2\/product"}],"about":[{"href":"https:\/\/www.efib.education\/en\/wp-json\/wp\/v2\/types\/product"}],"replies":[{"embeddable":true,"href":"https:\/\/www.efib.education\/en\/wp-json\/wp\/v2\/comments?post=1334"}],"wp:featuredmedia":[{"embeddable":true,"href":"https:\/\/www.efib.education\/en\/wp-json\/wp\/v2\/media\/6860"}],"wp:attachment":[{"href":"https:\/\/www.efib.education\/en\/wp-json\/wp\/v2\/media?parent=1334"}],"wp:term":[{"taxonomy":"product_brand","embeddable":true,"href":"https:\/\/www.efib.education\/en\/wp-json\/wp\/v2\/product_brand?post=1334"},{"taxonomy":"product_cat","embeddable":true,"href":"https:\/\/www.efib.education\/en\/wp-json\/wp\/v2\/product_cat?post=1334"},{"taxonomy":"product_tag","embeddable":true,"href":"https:\/\/www.efib.education\/en\/wp-json\/wp\/v2\/product_tag?post=1334"}],"curies":[{"name":"wp","href":"https:\/\/api.w.org\/{rel}","templated":true}]}}