
{"id":2044,"date":"2021-10-16T10:47:31","date_gmt":"2021-10-16T15:47:31","guid":{"rendered":"https:\/\/www.efib.education\/?post_type=product&#038;p=2044"},"modified":"2025-05-01T14:46:07","modified_gmt":"2025-05-01T19:46:07","slug":"taller-de-maquinas-y-tijeras","status":"publish","type":"product","link":"https:\/\/www.efib.education\/en\/product\/taller-de-maquinas-y-tijeras\/","title":{"rendered":"Taller de M\u00e1quinas y Tijeras"},"content":{"rendered":"<div>\n<ul>\n<li>M\u00c1QUINAS<\/li>\n<li>MARCAS<\/li>\n<li>MOTOR<\/li>\n<li>CUCHILLAS<\/li>\n<li>MANTENIMIENTO<\/li>\n<li>LUBRICACI\u00d3N<\/li>\n<li>CALIBRACI\u00d3N<\/li>\n<li>PR\u00c1CTICAS CON EI ALUMNO<\/li>\n<\/ul>\n<p>DOS CLASES EN VIVO<\/p>\n<p>CLASE PERSONALIZADA<br \/>\nINCLUYE EL CERTIFICADO\u00a0DE\u00a0EFIB<\/p>\n<div><img decoding=\"async\" style=\"width: 3rem;\" src=\"https:\/\/www.efib.education\/imagenes\/logo_face.png\" \/><a href=\"https:\/\/www.facebook.com\/groups\/332164684701740\" target=\"_blank\" rel=\"noopener\"><b>Clase en Facebook<\/b><\/a><\/div>\n<p>&nbsp;<\/p>\n<\/div>","protected":false},"excerpt":{"rendered":"<p>M\u00c1QUINAS MARCAS MOTOR CUCHILLAS MANTENIMIENTO LUBRICACI\u00d3N CALIBRACI\u00d3N PR\u00c1CTICAS CON EI ALUMNO DOS CLASES EN VIVO CLASE PERSONALIZADA INCLUYE EL CERTIFICADO\u00a0DE\u00a0EFIB [&hellip;]<\/p>\n","protected":false},"featured_media":3615,"comment_status":"open","ping_status":"closed","template":"","meta":[],"product_brand":[],"product_cat":[121],"product_tag":[],"class_list":{"0":"post-2044","1":"product","2":"type-product","3":"status-publish","4":"has-post-thumbnail","6":"product_cat-todos-los-cursos","8":"first","9":"instock","10":"sale","11":"shipping-taxable","12":"purchasable","13":"product-type-simple"},"_links":{"self":[{"href":"https:\/\/www.efib.education\/en\/wp-json\/wp\/v2\/product\/2044","targetHints":{"allow":["GET"]}}],"collection":[{"href":"https:\/\/www.efib.education\/en\/wp-json\/wp\/v2\/product"}],"about":[{"href":"https:\/\/www.efib.education\/en\/wp-json\/wp\/v2\/types\/product"}],"replies":[{"embeddable":true,"href":"https:\/\/www.efib.education\/en\/wp-json\/wp\/v2\/comments?post=2044"}],"wp:featuredmedia":[{"embeddable":true,"href":"https:\/\/www.efib.education\/en\/wp-json\/wp\/v2\/media\/3615"}],"wp:attachment":[{"href":"https:\/\/www.efib.education\/en\/wp-json\/wp\/v2\/media?parent=2044"}],"wp:term":[{"taxonomy":"product_brand","embeddable":true,"href":"https:\/\/www.efib.education\/en\/wp-json\/wp\/v2\/product_brand?post=2044"},{"taxonomy":"product_cat","embeddable":true,"href":"https:\/\/www.efib.education\/en\/wp-json\/wp\/v2\/product_cat?post=2044"},{"taxonomy":"product_tag","embeddable":true,"href":"https:\/\/www.efib.education\/en\/wp-json\/wp\/v2\/product_tag?post=2044"}],"curies":[{"name":"wp","href":"https:\/\/api.w.org\/{rel}","templated":true}]}}