
{"id":5380,"date":"2024-03-06T06:45:51","date_gmt":"2024-03-06T11:45:51","guid":{"rendered":"https:\/\/www.efib.education\/?post_type=product&#038;p=5380"},"modified":"2025-05-01T13:21:55","modified_gmt":"2025-05-01T18:21:55","slug":"formador-internacional-en-colorimetria-capilar","status":"publish","type":"product","link":"https:\/\/www.efib.education\/en\/product\/formador-internacional-en-colorimetria-capilar\/","title":{"rendered":"Formador Internacional en Colorimetr\u00eda Capilar"},"content":{"rendered":"<h2><b>FORMADOR INTERNACIONAL EN COLORIMETR\u00cdA CAPILAR<\/b><\/h2>\n<div><b>M\u00d3DULO 1<\/b><\/div>\n<div>\n<ul>\n<li>LA RESPONSABILIDAD DE ENSE\u00d1AR<\/li>\n<li>LEYES DE DE LA COLORIMETR\u00cdA<\/li>\n<li>PROPIEDADES DE LA COLORIMETR\u00cdA<\/li>\n<li>COLORES PRIMARIOS, SECUNDARIOS Y TERCIARIOS<\/li>\n<li>COMBINACI\u00d3N DE COLORES<\/li>\n<li>ESTRELLA OSWALD<\/li>\n<li>C\u00cdRCULOS CROM\u00c1TICO<\/li>\n<li>ALTURA Y REFLEJO<\/li>\n<li>NOMENCLATURA<\/li>\n<li>IDENTIFICACI\u00d3N DE ALTURAS Y REFLEJOS<\/li>\n<li>F\u00d3RMULAS<\/li>\n<li>ESTUDIO DEL CABELLO<\/li>\n<li>POROSIDAD, ELASTICIDAD Y DENSIDAD<\/li>\n<li>LA MELANINA<\/li>\n<li>PH<\/li>\n<li>ETAPAS DE DECOLORACI\u00d3N\/li&gt;<\/li>\n<li>FONDO DE ACLARACI\u00d3N\/li&gt;<\/li>\n<li>FONDO DE DECOLORACI\u00d3N\/li&gt;<\/li>\n<li>LOS PER\u00d3XIDOS\/li&gt;<\/li>\n<li>TABLA DE ALTURAS DE COLOR CON PORCENTAJES\/li&gt;<\/li>\n<li>TABLA DE PER\u00d3XIDOS\/li&gt;<\/li>\n<li>CANAS\/li&gt;<\/li>\n<li>TABLA DEL 11\/li&gt;<\/li>\n<li>T\u00c9CNICAS DE APLICACI\u00d3N DE TINTE\/li&gt;<\/li>\n<li>CALCULO MATEM\u00c1TICO PARA CABELLO VIRGEN\/li&gt;<\/li>\n<li>USO DE ACLARANTE\/li&gt;<\/li>\n<li>CIERRE T\u00c9CNICO\/li&gt;<\/li>\n<\/ul>\n<div><b>M\u00d3DULO 2<\/b><\/div>\n<div>\n<ul>\n<li>FONDO de DECOLORACI\u00d3N Y SUS PORCENTAJES<\/li>\n<li>LA NEUTRALIZACI\u00d3N (cabello natural, cabello, tinturado)<\/li>\n<li>TABLA DE NEUTRALIZACI\u00d3N<\/li>\n<li>TABLA DE PER\u00d3XIDOS NIVEL AVANZADO<\/li>\n<li>TABLA DE CUBRIMIENTO DE CANAS<\/li>\n<li>TABLA DE REPIGMENTACION<\/li>\n<li>PRE PIGMETACI\u00d3N<\/li>\n<li>RE PIGMENTACI\u00d3N<\/li>\n<li>TABLA DEL 17<\/li>\n<li>F\u00d3RMULACIONES PARA CREACIONES DE COLORES<\/li>\n<li>ELABORACI\u00d3N DE LA CREMA \u00c1CIDA<\/li>\n<li>ELABORACI\u00d3N DE CREMA NEUTRALIZADO RA Y CREMA PROTECTORA PARA PROCESOS QU\u00cdMICOS<\/li>\n<\/ul>\n<\/div>\n<div><b>M\u00d3DULO 3<\/b><\/div>\n<div>\n<ul>\n<li>F\u00d3RMULACIONES<\/li>\n<li>NEUTRALIZACI\u00d3N, REPONTENCIACION<\/li>\n<li>PERSONALIZACI\u00d3N<\/li>\n<li>COLORES FR\u00cdOS Y C\u00c1LIDOS<\/li>\n<li>LUZ Y SUSTRACCI\u00d3N<\/li>\n<li>PERCEPCIONES DE LOS COLORES<\/li>\n<li>ARMONIA DE LOS COLORES<\/li>\n<li>LA DECOLORACI\u00d3N Y SUS SECRETOS<\/li>\n<li>DECAPAGE<\/li>\n<li>LIMPIEZA DE COLOR<\/li>\n<li>DESCOMPOSICI\u00d3N DE LOS COLORES<\/li>\n<li>TABLA PARA crear COLORES PARA MECHAS<\/li>\n<li>ARMANDO COLORES<\/li>\n<li>REPONTENCIACION PIGMENTOS Y REFLEJOS<\/li>\n<li>ELABORACI\u00d3N DE PLEX<\/li>\n<li>ELABORACI\u00d3N DE TINTES DE FANTAS\u00cdA<\/li>\n<li>BA\u00d1O DE COLOR<\/li>\n<li>CLASIFICACI\u00d3N DE TINTES<\/li>\n<li>CONOCIMIENTOS GENERALES DE T\u00c9CNICAS Y DISE\u00d1OS<\/li>\n<\/ul>\n<\/div>\n<div><strong>M\u00d3DULO 4<\/strong><\/div>\n<div>\n<ul>\n<li>DIVISIONES Y DIAGRAMAS<\/li>\n<li>MARKETING PARA<\/li>\n<li>SALONES<\/li>\n<li>\u00c9TICA PROFESIONAL<\/li>\n<li>MICRO EMPRENDIMIENTO EMPRESARIAL<\/li>\n<\/ul>\n<\/div>\n<div><strong>M\u00d3DULO 5<\/strong><\/div>\n<div>\n<ul>\n<li>MANEJO DE GRUPOS<\/li>\n<li>LIDERAZGO<\/li>\n<\/ul>\n<\/div>\n<div><strong>M\u00d3DULO 6<\/strong><\/div>\n<div>\n<ul>\n<li>PEDAGOG\u00cdA<\/li>\n<li>DID\u00c1CTICA<\/li>\n<li>DESARROLLO DE CLASES<\/li>\n<li>IMAGEN PERSONAL<\/li>\n<\/ul>\n<\/div>\n<div><strong>M\u00d3DULO 7<\/strong><\/div>\n<div>\n<ul>\n<li>COMUNICACI\u00d3N ASERTIVA<\/li>\n<li>ORATORIA<\/li>\n<li>RESOLUCI\u00d3N DE CONFLICTOS<\/li>\n<li>EVALUACI\u00d3N<\/li>\n<\/ul>\n<\/div>\n<\/div>","protected":false},"excerpt":{"rendered":"<p>FORMADOR INTERNACIONAL EN COLORIMETR\u00cdA CAPILAR M\u00d3DULO 1 LA RESPONSABILIDAD DE ENSE\u00d1AR LEYES DE DE LA COLORIMETR\u00cdA PROPIEDADES DE LA COLORIMETR\u00cdA [&hellip;]<\/p>\n","protected":false},"featured_media":6922,"comment_status":"open","ping_status":"closed","template":"","meta":[],"product_brand":[],"product_cat":[119,121],"product_tag":[],"class_list":{"0":"post-5380","1":"product","2":"type-product","3":"status-publish","4":"has-post-thumbnail","6":"product_cat-curso-de-instructor-y-formadores","7":"product_cat-todos-los-cursos","9":"first","10":"instock","11":"sale","12":"shipping-taxable","13":"purchasable","14":"product-type-simple"},"_links":{"self":[{"href":"https:\/\/www.efib.education\/en\/wp-json\/wp\/v2\/product\/5380","targetHints":{"allow":["GET"]}}],"collection":[{"href":"https:\/\/www.efib.education\/en\/wp-json\/wp\/v2\/product"}],"about":[{"href":"https:\/\/www.efib.education\/en\/wp-json\/wp\/v2\/types\/product"}],"replies":[{"embeddable":true,"href":"https:\/\/www.efib.education\/en\/wp-json\/wp\/v2\/comments?post=5380"}],"wp:featuredmedia":[{"embeddable":true,"href":"https:\/\/www.efib.education\/en\/wp-json\/wp\/v2\/media\/6922"}],"wp:attachment":[{"href":"https:\/\/www.efib.education\/en\/wp-json\/wp\/v2\/media?parent=5380"}],"wp:term":[{"taxonomy":"product_brand","embeddable":true,"href":"https:\/\/www.efib.education\/en\/wp-json\/wp\/v2\/product_brand?post=5380"},{"taxonomy":"product_cat","embeddable":true,"href":"https:\/\/www.efib.education\/en\/wp-json\/wp\/v2\/product_cat?post=5380"},{"taxonomy":"product_tag","embeddable":true,"href":"https:\/\/www.efib.education\/en\/wp-json\/wp\/v2\/product_tag?post=5380"}],"curies":[{"name":"wp","href":"https:\/\/api.w.org\/{rel}","templated":true}]}}