
{"id":5399,"date":"2024-03-06T06:57:32","date_gmt":"2024-03-06T11:57:32","guid":{"rendered":"https:\/\/www.efib.education\/?post_type=product&#038;p=5399"},"modified":"2025-05-01T13:17:27","modified_gmt":"2025-05-01T18:17:27","slug":"diplomado-de-formador-internacional-en-barberia","status":"publish","type":"product","link":"https:\/\/www.efib.education\/en\/product\/diplomado-de-formador-internacional-en-barberia\/","title":{"rendered":"Diplomado de Formador Internacional en Barber\u00eda"},"content":{"rendered":"<div><b>Diplomado de Formador Internacional en Barber\u00eda<\/b><\/div>\n<div><b>TEMARIO<\/b><\/div>\n<div>\n<p>MODULO 1<\/p>\n<p>INTRODUCCI\u00d3N AL CURSO.<br \/>\nHISTORIA DE LA BARBER\u00cdA<br \/>\nCONOCIMIENTO GENERALES DE LOS TIPOS DE CLIENTES<\/p>\n<p>MODULO 2<\/p>\n<p>LAVADO DEL CABELLO<br \/>\nDIVISI\u00d3N Y RECONOCIMIENTO DE LAS PARTES CRANEALES<br \/>\nHERRAMIENTAS PARA CORTAR EL CABELLO M\u00c1S OTROS ELEMENTOS DE TRABAJO.<br \/>\nRECONOCIMIENTO Y MANIPULACI\u00d3N DE ELEMENTOS DE TRABAJO.<\/p>\n<p>MODULO 3<\/p>\n<p>PR\u00c1CTICAS CON TIJERA Y PEINE<br \/>\nCORTE CON M\u00c1QUINA.<br \/>\nUTILIZACI\u00d3N DE TIJERA DE ENTRESACAR Y DE PULIR.<\/p>\n<p>MODULO 4<\/p>\n<p>VISAJISMO<br \/>\nMORFOLOGIA<br \/>\nESTILOS Y MODAS<br \/>\nCORTES ESTILO DESVANECIDO.<\/p>\n<p>MODULO 5<\/p>\n<p>ENTRENAMIENTO USO DE LA NAVAJA<br \/>\nPREPARACI\u00d3N DEL ROSTRO PARA AFEITAR.<br \/>\nAFEITADO DE CARA.<br \/>\nDISTINTOS TIPOS DE BARBA Y BIGOTES.<br \/>\nHERRAMIENTAS DE TERMINACI\u00d3N.<\/p>\n<p>MODULO 6<\/p>\n<p>INTRODUCCI\u00d3N AL FADE.<br \/>\nDISTINTOS TIPOS DE FADE.<br \/>\nTEXTURIZAR Y DAR EFECTOS.<br \/>\nPRODUCTOS DE ACABADOS Y PEINADOS<\/p>\n<p>MODULO 7<\/p>\n<p>MEDIDAS DE HIGIENE<br \/>\n\u00c9TICA PROFESIONAL<br \/>\nDESARROLLO DE SALONES<br \/>\nEMPRENDIMIENTO EMPRESARIAL<br \/>\nEVALUACI\u00d3N FINAL<\/p>\n<p>MODALIDAD PRESENCIAL Y ONLINE<br \/>\nDURACI\u00d3N 6 MESES<br \/>\nCARGA HORARIA<br \/>\n300 HORAS RELOJ<\/p>\n<p>Importante el alumno para graduarse debe tener un m\u00e1ximo de 80 horas de pr\u00e1ctica que debe ser demostrado<\/p>\n<p>&nbsp;<\/p>\n<\/div>","protected":false},"excerpt":{"rendered":"<p>Diplomado de Formador Internacional en Barber\u00eda TEMARIO MODULO 1 INTRODUCCI\u00d3N AL CURSO. HISTORIA DE LA BARBER\u00cdA CONOCIMIENTO GENERALES DE LOS [&hellip;]<\/p>\n","protected":false},"featured_media":6921,"comment_status":"open","ping_status":"closed","template":"","meta":[],"product_brand":[],"product_cat":[119,121],"product_tag":[],"class_list":{"0":"post-5399","1":"product","2":"type-product","3":"status-publish","4":"has-post-thumbnail","6":"product_cat-curso-de-instructor-y-formadores","7":"product_cat-todos-los-cursos","9":"first","10":"instock","11":"sale","12":"shipping-taxable","13":"purchasable","14":"product-type-simple"},"_links":{"self":[{"href":"https:\/\/www.efib.education\/en\/wp-json\/wp\/v2\/product\/5399","targetHints":{"allow":["GET"]}}],"collection":[{"href":"https:\/\/www.efib.education\/en\/wp-json\/wp\/v2\/product"}],"about":[{"href":"https:\/\/www.efib.education\/en\/wp-json\/wp\/v2\/types\/product"}],"replies":[{"embeddable":true,"href":"https:\/\/www.efib.education\/en\/wp-json\/wp\/v2\/comments?post=5399"}],"wp:featuredmedia":[{"embeddable":true,"href":"https:\/\/www.efib.education\/en\/wp-json\/wp\/v2\/media\/6921"}],"wp:attachment":[{"href":"https:\/\/www.efib.education\/en\/wp-json\/wp\/v2\/media?parent=5399"}],"wp:term":[{"taxonomy":"product_brand","embeddable":true,"href":"https:\/\/www.efib.education\/en\/wp-json\/wp\/v2\/product_brand?post=5399"},{"taxonomy":"product_cat","embeddable":true,"href":"https:\/\/www.efib.education\/en\/wp-json\/wp\/v2\/product_cat?post=5399"},{"taxonomy":"product_tag","embeddable":true,"href":"https:\/\/www.efib.education\/en\/wp-json\/wp\/v2\/product_tag?post=5399"}],"curies":[{"name":"wp","href":"https:\/\/api.w.org\/{rel}","templated":true}]}}