
{"id":5482,"date":"2024-03-29T10:32:26","date_gmt":"2024-03-29T15:32:26","guid":{"rendered":"https:\/\/www.efib.education\/?post_type=product&#038;p=5482"},"modified":"2024-03-29T10:32:26","modified_gmt":"2024-03-29T15:32:26","slug":"seminario-internacional-ariel-vinals","status":"publish","type":"product","link":"https:\/\/www.efib.education\/en\/product\/seminario-internacional-ariel-vinals\/","title":{"rendered":"Seminario Internacional &#8211; Ariel Vi\u00f1als"},"content":{"rendered":"<div>\n<p>\n<strong>SEMINARIO INTERNACIONAL<\/strong><br \/>\n<strong>TALLERES<\/strong><\/p>\n<ul>\n<li><strong>Corte de Dama T\u00e9cnica Europea<\/strong><\/li>\n<\/ul>\n<p><strong>PROFESOR<\/strong><\/p>\n<ul>\n<li><strong>Ariel Vi\u00f1als<\/strong><\/li>\n<\/ul>\n<ul>\n<li>\n<div><a style=\"background-color:#ff9800; color:#fff;\" href=\"https:\/\/www.efib.education\/en\/courses\/seminario-internacional-ariel-vinals\/\" target=\"_blanck\" rel=\"noopener\">CLICK AQU\u00cd PARA VER LA CLASE<\/a><\/div>\n<\/li>\n<\/ul>\n<\/div>","protected":false},"excerpt":{"rendered":"<p>SEMINARIO INTERNACIONAL TALLERES Corte de Dama T\u00e9cnica Europea PROFESOR Ariel Vi\u00f1als CLICK AQU\u00cd PARA VER LA CLASE<\/p>","protected":false},"featured_media":5484,"comment_status":"open","ping_status":"closed","template":"","meta":[],"product_brand":[],"product_cat":[123],"product_tag":[],"class_list":{"0":"post-5482","1":"product","2":"type-product","3":"status-publish","4":"has-post-thumbnail","6":"product_cat-seminario-internacional","8":"first","9":"instock","10":"shipping-taxable","11":"purchasable","12":"product-type-simple"},"_links":{"self":[{"href":"https:\/\/www.efib.education\/en\/wp-json\/wp\/v2\/product\/5482","targetHints":{"allow":["GET"]}}],"collection":[{"href":"https:\/\/www.efib.education\/en\/wp-json\/wp\/v2\/product"}],"about":[{"href":"https:\/\/www.efib.education\/en\/wp-json\/wp\/v2\/types\/product"}],"replies":[{"embeddable":true,"href":"https:\/\/www.efib.education\/en\/wp-json\/wp\/v2\/comments?post=5482"}],"wp:featuredmedia":[{"embeddable":true,"href":"https:\/\/www.efib.education\/en\/wp-json\/wp\/v2\/media\/5484"}],"wp:attachment":[{"href":"https:\/\/www.efib.education\/en\/wp-json\/wp\/v2\/media?parent=5482"}],"wp:term":[{"taxonomy":"product_brand","embeddable":true,"href":"https:\/\/www.efib.education\/en\/wp-json\/wp\/v2\/product_brand?post=5482"},{"taxonomy":"product_cat","embeddable":true,"href":"https:\/\/www.efib.education\/en\/wp-json\/wp\/v2\/product_cat?post=5482"},{"taxonomy":"product_tag","embeddable":true,"href":"https:\/\/www.efib.education\/en\/wp-json\/wp\/v2\/product_tag?post=5482"}],"curies":[{"name":"wp","href":"https:\/\/api.w.org\/{rel}","templated":true}]}}