
{"id":5489,"date":"2024-03-29T10:56:59","date_gmt":"2024-03-29T15:56:59","guid":{"rendered":"https:\/\/www.efib.education\/?post_type=product&#038;p=5489"},"modified":"2024-03-29T11:23:18","modified_gmt":"2024-03-29T16:23:18","slug":"seminario-internacional-paula-hernandez","status":"publish","type":"product","link":"https:\/\/www.efib.education\/en\/product\/seminario-internacional-paula-hernandez\/","title":{"rendered":"Seminario Internacional &#8211; Paula Hernandez"},"content":{"rendered":"","protected":false},"excerpt":{"rendered":"<div>\n<p>\n<strong>SEMINARIO INTERNACIONAL<\/strong><br \/>\n<strong>TALLERES<\/strong><\/p>\n<ul>\n<li><strong>Dise\u00f1o de U\u00f1as y Decoraci\u00f3n<\/strong><\/li>\n<\/ul>\n<p><strong>PROFESOR<\/strong><\/p>\n<ul>\n<li><strong>Paula Hernandez<\/strong><\/li>\n<\/ul>\n<ul>\n<li>\n<div><a style=\"background-color:#ff9800; color:#fff;\" href=\"https:\/\/www.efib.education\/en\/courses\/seminario-internacional-paula-hernandez\/\" target=\"_blanck\" rel=\"noopener\">CLICK AQU\u00cd PARA VER LA CLASE<\/a><\/div>\n<\/li>\n<\/ul>\n<\/div>","protected":false},"featured_media":5491,"comment_status":"open","ping_status":"closed","template":"","meta":[],"product_brand":[],"product_cat":[123],"product_tag":[],"class_list":{"0":"post-5489","1":"product","2":"type-product","3":"status-publish","4":"has-post-thumbnail","6":"product_cat-seminario-internacional","8":"first","9":"instock","10":"shipping-taxable","11":"purchasable","12":"product-type-simple"},"_links":{"self":[{"href":"https:\/\/www.efib.education\/en\/wp-json\/wp\/v2\/product\/5489","targetHints":{"allow":["GET"]}}],"collection":[{"href":"https:\/\/www.efib.education\/en\/wp-json\/wp\/v2\/product"}],"about":[{"href":"https:\/\/www.efib.education\/en\/wp-json\/wp\/v2\/types\/product"}],"replies":[{"embeddable":true,"href":"https:\/\/www.efib.education\/en\/wp-json\/wp\/v2\/comments?post=5489"}],"wp:featuredmedia":[{"embeddable":true,"href":"https:\/\/www.efib.education\/en\/wp-json\/wp\/v2\/media\/5491"}],"wp:attachment":[{"href":"https:\/\/www.efib.education\/en\/wp-json\/wp\/v2\/media?parent=5489"}],"wp:term":[{"taxonomy":"product_brand","embeddable":true,"href":"https:\/\/www.efib.education\/en\/wp-json\/wp\/v2\/product_brand?post=5489"},{"taxonomy":"product_cat","embeddable":true,"href":"https:\/\/www.efib.education\/en\/wp-json\/wp\/v2\/product_cat?post=5489"},{"taxonomy":"product_tag","embeddable":true,"href":"https:\/\/www.efib.education\/en\/wp-json\/wp\/v2\/product_tag?post=5489"}],"curies":[{"name":"wp","href":"https:\/\/api.w.org\/{rel}","templated":true}]}}