
{"id":5788,"date":"2024-06-07T11:22:30","date_gmt":"2024-06-07T16:22:30","guid":{"rendered":"https:\/\/www.efib.education\/?post_type=product&#038;p=5788"},"modified":"2025-05-01T13:14:00","modified_gmt":"2025-05-01T18:14:00","slug":"habilidades-sociales","status":"publish","type":"product","link":"https:\/\/www.efib.education\/en\/product\/habilidades-sociales\/","title":{"rendered":"Habilidades Sociales"},"content":{"rendered":"<div><b>HABILIDADES SOCIALES<\/b><\/div>\n<div>\n<ul>\n<li>INTRODUCCI\u00d3N<\/li>\n<li>LA COMUNICACI\u00d3N<\/li>\n<li>TIPOS DE HABILIDADES SOCIALES<\/li>\n<li>LA IMPORTANCIA DE ESCUCHAR<\/li>\n<li>LA COMUNICACI\u00d3N EFECTIVA<\/li>\n<li>LA COMUNICACI\u00d3N ACERTIVA<\/li>\n<li>LA EMPAT\u00cdA<\/li>\n<li>LA ASERTIVIDAD<\/li>\n<li>ANALISIS SOCIALES DE COMUNIDADES<\/li>\n<\/ul>\n<\/div>\n<div><b>8 CLASES EN VIVO<\/b><\/div>\n<div><b>Incluye el certificado de EfIB Carga horaria\u00a040\u00a0HORAS<\/b><\/div>","protected":false},"excerpt":{"rendered":"<p>HABILIDADES SOCIALES INTRODUCCI\u00d3N LA COMUNICACI\u00d3N TIPOS DE HABILIDADES SOCIALES LA IMPORTANCIA DE ESCUCHAR LA COMUNICACI\u00d3N EFECTIVA LA COMUNICACI\u00d3N ACERTIVA LA [&hellip;]<\/p>\n","protected":false},"featured_media":5789,"comment_status":"open","ping_status":"closed","template":"","meta":[],"product_brand":[],"product_cat":[121],"product_tag":[],"class_list":{"0":"post-5788","1":"product","2":"type-product","3":"status-publish","4":"has-post-thumbnail","6":"product_cat-todos-los-cursos","8":"first","9":"instock","10":"sale","11":"shipping-taxable","12":"purchasable","13":"product-type-simple"},"_links":{"self":[{"href":"https:\/\/www.efib.education\/en\/wp-json\/wp\/v2\/product\/5788","targetHints":{"allow":["GET"]}}],"collection":[{"href":"https:\/\/www.efib.education\/en\/wp-json\/wp\/v2\/product"}],"about":[{"href":"https:\/\/www.efib.education\/en\/wp-json\/wp\/v2\/types\/product"}],"replies":[{"embeddable":true,"href":"https:\/\/www.efib.education\/en\/wp-json\/wp\/v2\/comments?post=5788"}],"wp:featuredmedia":[{"embeddable":true,"href":"https:\/\/www.efib.education\/en\/wp-json\/wp\/v2\/media\/5789"}],"wp:attachment":[{"href":"https:\/\/www.efib.education\/en\/wp-json\/wp\/v2\/media?parent=5788"}],"wp:term":[{"taxonomy":"product_brand","embeddable":true,"href":"https:\/\/www.efib.education\/en\/wp-json\/wp\/v2\/product_brand?post=5788"},{"taxonomy":"product_cat","embeddable":true,"href":"https:\/\/www.efib.education\/en\/wp-json\/wp\/v2\/product_cat?post=5788"},{"taxonomy":"product_tag","embeddable":true,"href":"https:\/\/www.efib.education\/en\/wp-json\/wp\/v2\/product_tag?post=5788"}],"curies":[{"name":"wp","href":"https:\/\/api.w.org\/{rel}","templated":true}]}}